{"id":15626,"date":"2024-08-11T14:51:06","date_gmt":"2024-08-11T14:51:06","guid":{"rendered":"https:\/\/sistemosklaipeda.com\/tagasimakse-ja-tagastamispoliitika\/"},"modified":"2024-08-11T14:51:06","modified_gmt":"2024-08-11T14:51:06","slug":"tagasimakse-ja-tagastamispoliitika","status":"publish","type":"page","link":"https:\/\/sistemosklaipeda.com\/et\/tagasimakse-ja-tagastamispoliitika\/","title":{"rendered":"Tagasimakse- ja tagastamispoliitika"},"content":{"rendered":"\n<p><b>See on n\u00e4idisleht.<\/b><\/p>\n\n<h2 class=\"wp-block-heading\">\u00dclevaade<\/h2>\n\n<p>Meie tagastus- ja tagastamispoliitika kestab 30 p\u00e4eva. Kui teie ostust on m\u00f6\u00f6dunud 30 p\u00e4eva, ei saa me teile t\u00e4ielikku raha tagastamist v\u00f5i \u00fcmbervahetamist pakkuda.<\/p>\n\n<p>Tagastamiseks peab teie toode olema kasutamata ja samas seisukorras, milles te selle k\u00e4tte saite. Samuti peab see olema originaalpakendis.<\/p>\n\n<p>Mitmed kaubat\u00fc\u00fcbid on tagastamisest vabastatud. P\u00fcsivaid kaupu, nagu toit, lilled, ajalehed v\u00f5i ajakirjad, ei saa tagastada. Samuti ei v\u00f5ta me vastu tooteid, mis on intiimsed v\u00f5i sanitaarkaubad, ohtlikud materjalid v\u00f5i tuleohtlikud vedelikud v\u00f5i gaasid.<\/p>\n\n<p>T\u00e4iendavad tagastamisele mittekuuluvad esemed:<\/p>\n\n<ul class=\"wp-block-list\">\n<li>Kinkekaardid<\/li>\n<li>Allalaaditavad tarkvaratooted<\/li>\n<li>M\u00f5ned tervise- ja isikliku hoolduse tooted<\/li>\n<\/ul>\n\n<p>Tagastamise l\u00f5puleviimiseks vajame ostukviitungit v\u00f5i ostut\u00f5endit.<\/p>\n\n<p>Palun \u00e4rge saatke oma ostu tagasi tootjale.<\/p>\n\n<p>On teatud olukordi, kus antakse ainult osalist toetust:<\/p>\n\n<ul class=\"wp-block-list\">\n<li>Ilmsete kasutusm\u00e4rkidega raamat<\/li>\n<li>CD, DVD, VHS-kassett, tarkvara, videom\u00e4ng, kassett v\u00f5i vin\u00fc\u00fclplaat, mis on avatud.<\/li>\n<li>mis tahes ese, mis ei ole algses seisukorras, on kahjustatud v\u00f5i millel puuduvad osad p\u00f5hjustel, mis ei ole tingitud meie veast.<\/li>\n<li>Iga toode, mis tagastatakse rohkem kui 30 p\u00e4eva p\u00e4rast tarnimist.<\/li>\n<\/ul>\n\n<h2>Refunds<\/h2>\n\n<p>Kui teie tagastatud toode on k\u00e4tte saadud ja kontrollitud, saadame teile e-kirja, et teatada teile, et oleme teie tagastatud toote k\u00e4tte saanud. Me teavitame teid ka teie toetuse heakskiitmisest v\u00f5i tagasil\u00fckkamisest.<\/p>\n\n<p>Kui teile antakse heakskiit, siis teie tagasimakseid t\u00f6\u00f6deldakse ja krediit kantakse automaatselt teie krediitkaardile v\u00f5i algsele makseviisile teatud aja jooksul.<\/p>\n\n<h3 class=\"wp-block-heading\">Hilinenud v\u00f5i puuduvad toetused<\/h3>\n\n<p>Kui te ei ole veel tagasimakseid saanud, kontrollige k\u00f5igepealt uuesti oma pangakontot.<\/p>\n\n<p>Seej\u00e4rel v\u00f5tke \u00fchendust oma krediitkaardifirmaga, v\u00f5ib v\u00f5tta aega, enne kui teie tagasimakse ametlikult kirjendatakse.<\/p>\n\n<p>Seej\u00e4rel v\u00f5tke \u00fchendust oma pangaga. Enne toetuse kirjendamist kulub sageli veidi aega.<\/p>\n\n<p>Kui olete k\u00f5ik need sammud l\u00e4bi teinud ja te ei ole ikka veel raha tagasi saanud, v\u00f5tke meiega \u00fchendust aadressil {E-posti aadress}.<\/p>\n\n<h3 class=\"wp-block-heading\">M\u00fc\u00fcgiobjektid<\/h3>\n\n<p>Tagastada v\u00f5ib ainult tavahinnaga kaupu. M\u00fc\u00fcgiobjekte ei saa tagastada.<\/p>\n\n<h2>Exchanges<\/h2>\n\n<p>Asendame esemed ainult siis, kui need on defektsed v\u00f5i kahjustatud. Kui soovite selle sama toote vastu v\u00e4lja vahetada, saatke meile e-kiri aadressil {e-kirja aadress} ja saatke oma toode aadressile: {f\u00fc\u00fcsiline aadress}.<\/p>\n\n<h2>Gifts<\/h2>\n\n<p>Kui toode oli ostmisel m\u00e4rgitud kingitusena ja see saadeti otse teile, saate tagastatava toote v\u00e4\u00e4rtuse ulatuses kinkekrediiti. Kui tagastatud toode on k\u00e4tte saadud, saadetakse teile kinkekaart.<\/p>\n\n<p>Kui toode ei olnud ostmisel m\u00e4rgitud kingitusena v\u00f5i kui kinkija lasi tellimuse endale saata, et seda hiljem teile kinkida, saadame me kinkijale raha tagasi ja ta saab teada teie tagastamisest.<\/p>\n\n<h2>Shipping returns<\/h2>\n\n<p>Toote tagastamiseks tuleb toode saata postiga aadressil: {f\u00fc\u00fcsiline aadress}.<\/p>\n\n<p>Te vastutate ise oma eseme tagastamisega seotud saatmiskulude eest. Kohaletoimetamiskulud ei kuulu tagastamisele. Kui teile tagastatakse raha, arvatakse tagasisaatmiskulud teie raha tagasimaksest maha.<\/p>\n\n<p>S\u00f5ltuvalt teie elukohast v\u00f5ib aeg, mis kulub teie vahetatud toote kohalej\u00f5udmiseks, erineda.<\/p>\n\n<p>Kui tagastate kallimaid esemeid, v\u00f5ite kaaluda j\u00e4lgitava saateteenuse kasutamist v\u00f5i saatekindlustuse ostmist. Me ei garanteeri, et saame teie tagastatud toote k\u00e4tte.<\/p>\n\n<h2>Need help?<\/h2>\n\n<p>{email} V\u00f5tke meiega \u00fchendust, kui teil on k\u00fcsimusi seoses tagasimaksete ja tagastustega.<\/p>\n","protected":false},"excerpt":{"rendered":"<p>See on n\u00e4idisleht. \u00dclevaade Meie tagastus- ja tagastamispoliitika kestab 30 p\u00e4eva. Kui teie ostust on m\u00f6\u00f6dunud 30 p\u00e4eva, ei saa me teile t\u00e4ielikku raha tagastamist v\u00f5i \u00fcmbervahetamist pakkuda. Tagastamiseks peab teie toode olema kasutamata ja samas seisukorras, milles te selle k\u00e4tte saite. Samuti peab see olema originaalpakendis. Mitmed kaubat\u00fc\u00fcbid on tagastamisest vabastatud. P\u00fcsivaid kaupu, nagu [&hellip;]<\/p>\n","protected":false},"author":1,"featured_media":0,"parent":0,"menu_order":0,"comment_status":"closed","ping_status":"closed","template":"","meta":{"footnotes":""},"class_list":["post-15626","page","type-page","status-publish","hentry"],"yoast_head":"<!-- This site is optimized with the Yoast SEO plugin v27.0 - https:\/\/yoast.com\/product\/yoast-seo-wordpress\/ -->\n<title>Tagasimakse- ja tagastamispoliitika - Sistemos Klaip\u0117da<\/title>\n<meta name=\"robots\" content=\"index, follow, max-snippet:-1, max-image-preview:large, max-video-preview:-1\" \/>\n<link rel=\"canonical\" href=\"https:\/\/sistemosklaipeda.com\/et\/tagasimakse-ja-tagastamispoliitika\/\" \/>\n<meta property=\"og:locale\" content=\"et_EE\" \/>\n<meta property=\"og:type\" content=\"article\" \/>\n<meta property=\"og:title\" content=\"Tagasimakse- ja tagastamispoliitika - Sistemos Klaip\u0117da\" \/>\n<meta property=\"og:description\" content=\"See on n\u00e4idisleht. \u00dclevaade Meie tagastus- ja tagastamispoliitika kestab 30 p\u00e4eva. Kui teie ostust on m\u00f6\u00f6dunud 30 p\u00e4eva, ei saa me teile t\u00e4ielikku raha tagastamist v\u00f5i \u00fcmbervahetamist pakkuda. Tagastamiseks peab teie toode olema kasutamata ja samas seisukorras, milles te selle k\u00e4tte saite. Samuti peab see olema originaalpakendis. Mitmed kaubat\u00fc\u00fcbid on tagastamisest vabastatud. P\u00fcsivaid kaupu, nagu [&hellip;]\" \/>\n<meta property=\"og:url\" content=\"https:\/\/sistemosklaipeda.com\/et\/tagasimakse-ja-tagastamispoliitika\/\" \/>\n<meta property=\"og:site_name\" content=\"Sistemos Klaip\u0117da\" \/>\n<meta property=\"article:publisher\" content=\"https:\/\/www.facebook.com\/SistemosKlp\" \/>\n<meta name=\"twitter:card\" content=\"summary_large_image\" \/>\n<meta name=\"twitter:label1\" content=\"Est. reading time\" \/>\n\t<meta name=\"twitter:data1\" content=\"3 minut\" \/>\n<script type=\"application\/ld+json\" class=\"yoast-schema-graph\">{\"@context\":\"https:\/\/schema.org\",\"@graph\":[{\"@type\":\"WebPage\",\"@id\":\"https:\/\/sistemosklaipeda.com\/et\/tagasimakse-ja-tagastamispoliitika\/\",\"url\":\"https:\/\/sistemosklaipeda.com\/et\/tagasimakse-ja-tagastamispoliitika\/\",\"name\":\"Tagasimakse- ja tagastamispoliitika - Sistemos Klaip\u0117da\",\"isPartOf\":{\"@id\":\"https:\/\/sistemosklaipeda.com\/et\/#website\"},\"datePublished\":\"2024-08-11T14:51:06+00:00\",\"breadcrumb\":{\"@id\":\"https:\/\/sistemosklaipeda.com\/et\/tagasimakse-ja-tagastamispoliitika\/#breadcrumb\"},\"inLanguage\":\"et\",\"potentialAction\":[{\"@type\":\"ReadAction\",\"target\":[\"https:\/\/sistemosklaipeda.com\/et\/tagasimakse-ja-tagastamispoliitika\/\"]}]},{\"@type\":\"BreadcrumbList\",\"@id\":\"https:\/\/sistemosklaipeda.com\/et\/tagasimakse-ja-tagastamispoliitika\/#breadcrumb\",\"itemListElement\":[{\"@type\":\"ListItem\",\"position\":1,\"name\":\"Prad\u017eia\",\"item\":\"https:\/\/sistemosklaipeda.com\/et\/kauplus\/\"},{\"@type\":\"ListItem\",\"position\":2,\"name\":\"Tagasimakse- ja tagastamispoliitika\"}]},{\"@type\":\"WebSite\",\"@id\":\"https:\/\/sistemosklaipeda.com\/et\/#website\",\"url\":\"https:\/\/sistemosklaipeda.com\/et\/\",\"name\":\"Sistemos Klaip\u0117da\",\"description\":\"Kokybi\u0161ka duj\u0173 \u012franga ir jos komponentai, kabliai ir priedai\",\"publisher\":{\"@id\":\"https:\/\/sistemosklaipeda.com\/et\/#organization\"},\"potentialAction\":[{\"@type\":\"SearchAction\",\"target\":{\"@type\":\"EntryPoint\",\"urlTemplate\":\"https:\/\/sistemosklaipeda.com\/et\/?s={search_term_string}\"},\"query-input\":{\"@type\":\"PropertyValueSpecification\",\"valueRequired\":true,\"valueName\":\"search_term_string\"}}],\"inLanguage\":\"et\"},{\"@type\":\"Organization\",\"@id\":\"https:\/\/sistemosklaipeda.com\/et\/#organization\",\"name\":\"Sistemos Klaip\u0117da\",\"alternateName\":\"Sistemos\",\"url\":\"https:\/\/sistemosklaipeda.com\/et\/\",\"logo\":{\"@type\":\"ImageObject\",\"inLanguage\":\"et\",\"@id\":\"https:\/\/sistemosklaipeda.com\/et\/#\/schema\/logo\/image\/\",\"url\":\"https:\/\/sistemosklaipeda.com\/wp-content\/uploads\/2023\/09\/sistemos-logo-cropperd-e1695968047774.png\",\"contentUrl\":\"https:\/\/sistemosklaipeda.com\/wp-content\/uploads\/2023\/09\/sistemos-logo-cropperd-e1695968047774.png\",\"width\":401,\"height\":206,\"caption\":\"Sistemos Klaip\u0117da\"},\"image\":{\"@id\":\"https:\/\/sistemosklaipeda.com\/et\/#\/schema\/logo\/image\/\"},\"sameAs\":[\"https:\/\/www.facebook.com\/SistemosKlp\",\"https:\/\/www.instagram.com\/sistemosklaipeda\/\"]}]}<\/script>\n<!-- \/ Yoast SEO plugin. -->","yoast_head_json":{"title":"Tagasimakse- ja tagastamispoliitika - Sistemos Klaip\u0117da","robots":{"index":"index","follow":"follow","max-snippet":"max-snippet:-1","max-image-preview":"max-image-preview:large","max-video-preview":"max-video-preview:-1"},"canonical":"https:\/\/sistemosklaipeda.com\/et\/tagasimakse-ja-tagastamispoliitika\/","og_locale":"et_EE","og_type":"article","og_title":"Tagasimakse- ja tagastamispoliitika - Sistemos Klaip\u0117da","og_description":"See on n\u00e4idisleht. \u00dclevaade Meie tagastus- ja tagastamispoliitika kestab 30 p\u00e4eva. Kui teie ostust on m\u00f6\u00f6dunud 30 p\u00e4eva, ei saa me teile t\u00e4ielikku raha tagastamist v\u00f5i \u00fcmbervahetamist pakkuda. Tagastamiseks peab teie toode olema kasutamata ja samas seisukorras, milles te selle k\u00e4tte saite. Samuti peab see olema originaalpakendis. Mitmed kaubat\u00fc\u00fcbid on tagastamisest vabastatud. P\u00fcsivaid kaupu, nagu [&hellip;]","og_url":"https:\/\/sistemosklaipeda.com\/et\/tagasimakse-ja-tagastamispoliitika\/","og_site_name":"Sistemos Klaip\u0117da","article_publisher":"https:\/\/www.facebook.com\/SistemosKlp","twitter_card":"summary_large_image","twitter_misc":{"Est. reading time":"3 minut"},"schema":{"@context":"https:\/\/schema.org","@graph":[{"@type":"WebPage","@id":"https:\/\/sistemosklaipeda.com\/et\/tagasimakse-ja-tagastamispoliitika\/","url":"https:\/\/sistemosklaipeda.com\/et\/tagasimakse-ja-tagastamispoliitika\/","name":"Tagasimakse- ja tagastamispoliitika - Sistemos Klaip\u0117da","isPartOf":{"@id":"https:\/\/sistemosklaipeda.com\/et\/#website"},"datePublished":"2024-08-11T14:51:06+00:00","breadcrumb":{"@id":"https:\/\/sistemosklaipeda.com\/et\/tagasimakse-ja-tagastamispoliitika\/#breadcrumb"},"inLanguage":"et","potentialAction":[{"@type":"ReadAction","target":["https:\/\/sistemosklaipeda.com\/et\/tagasimakse-ja-tagastamispoliitika\/"]}]},{"@type":"BreadcrumbList","@id":"https:\/\/sistemosklaipeda.com\/et\/tagasimakse-ja-tagastamispoliitika\/#breadcrumb","itemListElement":[{"@type":"ListItem","position":1,"name":"Prad\u017eia","item":"https:\/\/sistemosklaipeda.com\/et\/kauplus\/"},{"@type":"ListItem","position":2,"name":"Tagasimakse- ja tagastamispoliitika"}]},{"@type":"WebSite","@id":"https:\/\/sistemosklaipeda.com\/et\/#website","url":"https:\/\/sistemosklaipeda.com\/et\/","name":"Sistemos Klaip\u0117da","description":"Kokybi\u0161ka duj\u0173 \u012franga ir jos komponentai, kabliai ir priedai","publisher":{"@id":"https:\/\/sistemosklaipeda.com\/et\/#organization"},"potentialAction":[{"@type":"SearchAction","target":{"@type":"EntryPoint","urlTemplate":"https:\/\/sistemosklaipeda.com\/et\/?s={search_term_string}"},"query-input":{"@type":"PropertyValueSpecification","valueRequired":true,"valueName":"search_term_string"}}],"inLanguage":"et"},{"@type":"Organization","@id":"https:\/\/sistemosklaipeda.com\/et\/#organization","name":"Sistemos Klaip\u0117da","alternateName":"Sistemos","url":"https:\/\/sistemosklaipeda.com\/et\/","logo":{"@type":"ImageObject","inLanguage":"et","@id":"https:\/\/sistemosklaipeda.com\/et\/#\/schema\/logo\/image\/","url":"https:\/\/sistemosklaipeda.com\/wp-content\/uploads\/2023\/09\/sistemos-logo-cropperd-e1695968047774.png","contentUrl":"https:\/\/sistemosklaipeda.com\/wp-content\/uploads\/2023\/09\/sistemos-logo-cropperd-e1695968047774.png","width":401,"height":206,"caption":"Sistemos Klaip\u0117da"},"image":{"@id":"https:\/\/sistemosklaipeda.com\/et\/#\/schema\/logo\/image\/"},"sameAs":["https:\/\/www.facebook.com\/SistemosKlp","https:\/\/www.instagram.com\/sistemosklaipeda\/"]}]}},"_links":{"self":[{"href":"https:\/\/sistemosklaipeda.com\/et\/wp-json\/wp\/v2\/pages\/15626","targetHints":{"allow":["GET"]}}],"collection":[{"href":"https:\/\/sistemosklaipeda.com\/et\/wp-json\/wp\/v2\/pages"}],"about":[{"href":"https:\/\/sistemosklaipeda.com\/et\/wp-json\/wp\/v2\/types\/page"}],"author":[{"embeddable":true,"href":"https:\/\/sistemosklaipeda.com\/et\/wp-json\/wp\/v2\/users\/1"}],"replies":[{"embeddable":true,"href":"https:\/\/sistemosklaipeda.com\/et\/wp-json\/wp\/v2\/comments?post=15626"}],"version-history":[{"count":1,"href":"https:\/\/sistemosklaipeda.com\/et\/wp-json\/wp\/v2\/pages\/15626\/revisions"}],"predecessor-version":[{"id":15629,"href":"https:\/\/sistemosklaipeda.com\/et\/wp-json\/wp\/v2\/pages\/15626\/revisions\/15629"}],"wp:attachment":[{"href":"https:\/\/sistemosklaipeda.com\/et\/wp-json\/wp\/v2\/media?parent=15626"}],"curies":[{"name":"wp","href":"https:\/\/api.w.org\/{rel}","templated":true}]}}